{"id":7,"date":"2019-06-15T13:47:13","date_gmt":"2019-06-15T13:47:13","guid":{"rendered":"http:\/\/www.vinarstviocenasek.cz\/?page_id=7"},"modified":"2020-07-04T16:28:01","modified_gmt":"2020-07-04T16:28:01","slug":"domu","status":"publish","type":"page","link":"https:\/\/www.vinarstviocenasek.cz\/index.php\/domu\/","title":{"rendered":"O n\u00e1s"},"content":{"rendered":"<p style=\"text-align: left;\">Na\u0161e vina\u0159stv\u00ed zalo\u017eil v roce 2004 Milan O\u010den\u00e1\u0161ek a nav\u00e1zal tak na rodinnou tradici p\u011bstov\u00e1n\u00ed vinn\u00e9 r\u00e9vy a v\u00fdroby v\u00edna. Najdete n\u00e1s v jihomoravsk\u00e9 obci Moravsk\u00fd \u017di\u017ekov v&nbsp;okrese B\u0159eclav. Jsme mal\u00e9 rodinn\u00e9 vina\u0159stv\u00ed, o chod se star\u00e1 p\u0159ev\u00e1\u017en\u011b jeho zakladatel a podle pot\u0159eby p\u0159isp\u00edvaj\u00ed sv\u00fdm d\u00edlem i ostatn\u00ed \u010dlenov\u00e9 rodiny.<\/p>\n<p style=\"text-align: left;\">Moravsk\u00fd \u017di\u017ekov pat\u0159\u00ed do vina\u0159sk\u00e9 podoblasti Velkopavlovick\u00e9. Je to rozlohou vinohrad\u016f nejv\u011bt\u0161\u00ed podoblast \u010cesk\u00e9 republiky. &nbsp;Obhospoda\u0159ujeme 3ha vinic, kter\u00e9 se rozkl\u00e1daj\u00ed hlavn\u011b ve vini\u010dn\u00edch trat\u00edch Moravsk\u00e9ho \u017di\u017ekova (Slovensk\u00e9, Star\u00e1 hora, Sahary) a tak\u00e9 Velk\u00fdch B\u00edlovic. \u010c\u00e1st hrozn\u016f vykupujeme od osv\u011bd\u010den\u00fdch dodavatel\u016f.<\/p>\n<p style=\"text-align: left;\">Provozovna s\u00eddl\u00ed v&nbsp;Moravsk\u00e9m \u017di\u017ekov\u011b, vinn\u00fd skl\u00edpek po d\u011bde\u010dkovi m\u00e1me v&nbsp;nedalek\u00fdch Velk\u00fdch B\u00edlovic\u00edch. Jde o star\u00fd kvelben\u00fd sklep postaven\u00fd kolem roku 1820. Prov\u00e1d\u00edme zde degustace pro max. 15 osob, pro v\u011bt\u0161\u00ed skupiny &nbsp;v&nbsp;penzionu v Moravsk\u00e9m \u017di\u017ekov\u011b.<\/p>\n<p style=\"text-align: left;\">Z\u00e1kladem \u00fasp\u011bchu jsou kvalitn\u00ed hrozny z vlastn\u00edch vinic a poctiv\u00e1 pr\u00e1ce ve sklep\u011b. P\u0159i v\u00fdrob\u011b vyu\u017e\u00edv\u00e1me tradi\u010dn\u00ed postupy i modern\u00ed technologie. D\u016fraz klademe na \u0161etrn\u00e9 zpracov\u00e1n\u00ed hrozn\u016f. Chceme, aby na\u0161e v\u00edna byla lehk\u00e1, ovocit\u00e1 a harmonick\u00e1 a aby chutnala n\u00e1m a hlavn\u011b na\u0161im odb\u011bratel\u016fm.<\/p>\n\n\n<div class=\"wp-block-image\"><figure class=\"alignleft\"><img data-recalc-dims=\"1\" loading=\"lazy\" decoding=\"async\" width=\"525\" height=\"787\" src=\"https:\/\/i0.wp.com\/www.vinarstviocenasek.cz\/wp-content\/uploads\/2019\/06\/P5130278-2.jpg?resize=525%2C787\" alt=\"\" class=\"wp-image-39\" srcset=\"https:\/\/i0.wp.com\/www.vinarstviocenasek.cz\/wp-content\/uploads\/2019\/06\/P5130278-2-scaled.jpg?resize=683%2C1024&amp;ssl=1 683w, https:\/\/i0.wp.com\/www.vinarstviocenasek.cz\/wp-content\/uploads\/2019\/06\/P5130278-2-scaled.jpg?resize=350%2C525&amp;ssl=1 350w, https:\/\/i0.wp.com\/www.vinarstviocenasek.cz\/wp-content\/uploads\/2019\/06\/P5130278-2-scaled.jpg?resize=200%2C300&amp;ssl=1 200w, https:\/\/i0.wp.com\/www.vinarstviocenasek.cz\/wp-content\/uploads\/2019\/06\/P5130278-2-scaled.jpg?resize=768%2C1151&amp;ssl=1 768w, https:\/\/i0.wp.com\/www.vinarstviocenasek.cz\/wp-content\/uploads\/2019\/06\/P5130278-2-scaled.jpg?w=1707&amp;ssl=1 1707w, https:\/\/i0.wp.com\/www.vinarstviocenasek.cz\/wp-content\/uploads\/2019\/06\/P5130278-2-scaled.jpg?w=1050 1050w, https:\/\/i0.wp.com\/www.vinarstviocenasek.cz\/wp-content\/uploads\/2019\/06\/P5130278-2-scaled.jpg?w=1575 1575w\" sizes=\"auto, (max-width: 525px) 100vw, 525px\" \/><\/figure><\/div>\n","protected":false},"excerpt":{"rendered":"<p>Na\u0161e vina\u0159stv\u00ed zalo\u017eil v roce 2004 Milan O\u010den\u00e1\u0161ek a nav\u00e1zal tak na rodinnou tradici p\u011bstov\u00e1n\u00ed vinn\u00e9 r\u00e9vy a v\u00fdroby v\u00edna. Najdete n\u00e1s v jihomoravsk\u00e9 obci Moravsk\u00fd \u017di\u017ekov v&nbsp;okrese B\u0159eclav. Jsme mal\u00e9 rodinn\u00e9 vina\u0159stv\u00ed, o chod se star\u00e1 p\u0159ev\u00e1\u017en\u011b jeho zakladatel a podle pot\u0159eby p\u0159isp\u00edvaj\u00ed sv\u00fdm d\u00edlem i ostatn\u00ed \u010dlenov\u00e9 rodiny. Moravsk\u00fd \u017di\u017ekov pat\u0159\u00ed do vina\u0159sk\u00e9 &hellip; <\/p>\n<p class=\"link-more\"><a href=\"https:\/\/www.vinarstviocenasek.cz\/index.php\/domu\/\" class=\"more-link\">Pokra\u010dovat ve \u010dten\u00ed<span class=\"screen-reader-text\"> &#8222;O n\u00e1s&#8220;<\/span><\/a><\/p>\n","protected":false},"author":1,"featured_media":42,"parent":0,"menu_order":0,"comment_status":"closed","ping_status":"closed","template":"","meta":{"footnotes":""},"class_list":["post-7","page","type-page","status-publish","has-post-thumbnail","hentry"],"jetpack_sharing_enabled":true,"_links":{"self":[{"href":"https:\/\/www.vinarstviocenasek.cz\/index.php\/wp-json\/wp\/v2\/pages\/7","targetHints":{"allow":["GET"]}}],"collection":[{"href":"https:\/\/www.vinarstviocenasek.cz\/index.php\/wp-json\/wp\/v2\/pages"}],"about":[{"href":"https:\/\/www.vinarstviocenasek.cz\/index.php\/wp-json\/wp\/v2\/types\/page"}],"author":[{"embeddable":true,"href":"https:\/\/www.vinarstviocenasek.cz\/index.php\/wp-json\/wp\/v2\/users\/1"}],"replies":[{"embeddable":true,"href":"https:\/\/www.vinarstviocenasek.cz\/index.php\/wp-json\/wp\/v2\/comments?post=7"}],"version-history":[{"count":13,"href":"https:\/\/www.vinarstviocenasek.cz\/index.php\/wp-json\/wp\/v2\/pages\/7\/revisions"}],"predecessor-version":[{"id":195,"href":"https:\/\/www.vinarstviocenasek.cz\/index.php\/wp-json\/wp\/v2\/pages\/7\/revisions\/195"}],"wp:featuredmedia":[{"embeddable":true,"href":"https:\/\/www.vinarstviocenasek.cz\/index.php\/wp-json\/wp\/v2\/media\/42"}],"wp:attachment":[{"href":"https:\/\/www.vinarstviocenasek.cz\/index.php\/wp-json\/wp\/v2\/media?parent=7"}],"curies":[{"name":"wp","href":"https:\/\/api.w.org\/{rel}","templated":true}]}}