{"id":695,"date":"2026-04-19T06:14:04","date_gmt":"2026-04-19T06:14:04","guid":{"rendered":"https:\/\/www.vinarstviocenasek.cz\/?post_type=product&#038;p=695"},"modified":"2026-04-19T06:28:25","modified_gmt":"2026-04-19T06:28:25","slug":"hibernal-2025-polosuche","status":"publish","type":"product","link":"https:\/\/www.vinarstviocenasek.cz\/index.php\/produkt\/hibernal-2025-polosuche\/","title":{"rendered":"Hibernal 2025 &#8211; polosuch\u00e9"},"content":{"rendered":"<p data-start=\"258\" data-end=\"481\">Ve v\u016fni i chuti se objevuj\u00ed t\u00f3ny \u010dern\u00e9ho ryb\u00edzu, kter\u00e9 d\u00e1vaj\u00ed v\u00ednu charakteristick\u00fd a lehce aromatick\u00fd projev.<\/p>\n<p data-start=\"483\" data-end=\"551\">Ide\u00e1ln\u00ed pro milovn\u00edky sv\u011b\u017e\u00edch, \u017eiv\u011bj\u0161\u00edch v\u00edn s v\u00fdrazn\u011bj\u0161\u00edm projevem.<\/p>\n<hr data-start=\"553\" data-end=\"556\" \/>\n<p data-start=\"558\" data-end=\"615\"><strong data-start=\"558\" data-end=\"574\">Profil v\u00edna:<\/strong><br data-start=\"574\" data-end=\"577\" \/>such\u00e9 | sv\u011b\u017e\u00ed | pln\u011bj\u0161\u00ed | aromatick\u00e9<\/p>\n<p data-start=\"617\" data-end=\"686\"><strong data-start=\"617\" data-end=\"632\">Doporu\u010den\u00ed:<\/strong><br data-start=\"632\" data-end=\"635\" \/>leh\u010d\u00ed j\u00eddla, dr\u016fbe\u017e, ryby nebo jen tak k posezen\u00ed<\/p>\n<hr data-start=\"688\" data-end=\"691\" \/>\n<p data-start=\"693\" data-end=\"811\"><strong data-start=\"693\" data-end=\"716\">Z\u00e1kladn\u00ed informace:<\/strong><br data-start=\"716\" data-end=\"719\" \/>alkohol: 12,8 %<br data-start=\"734\" data-end=\"737\" \/>zbytkov\u00fd cukr: 11,5 g\/l<br data-start=\"760\" data-end=\"763\" \/>kyseliny: 6 g\/l<br data-start=\"778\" data-end=\"781\" \/>objem: 0,75 l \/ 280K\u010d\/l<br data-start=\"794\" data-end=\"797\" \/>\u0161ar\u017ee: 08\/25<\/p>\n","protected":false},"excerpt":{"rendered":"<p>Sv\u011b\u017e\u00ed a v\u00fdrazn\u00e9 v\u00edno \u017elut\u00e9 barvy s pln\u011bj\u0161\u00ed chut\u00ed a p\u0159\u00edjemnou kyselinkou, kter\u00e1 mu dod\u00e1v\u00e1 \u0161\u0165avnatost a energii.<\/p>\n","protected":false},"featured_media":678,"comment_status":"open","ping_status":"closed","template":"","meta":[],"product_brand":[],"product_cat":[18,23],"product_tag":[],"class_list":{"0":"post-695","1":"product","2":"type-product","3":"status-publish","4":"has-post-thumbnail","6":"product_cat-bile-vino","7":"product_cat-polosucha-bila-vina","9":"first","10":"instock","11":"taxable","12":"shipping-taxable","13":"purchasable","14":"product-type-simple"},"jetpack_sharing_enabled":true,"_links":{"self":[{"href":"https:\/\/www.vinarstviocenasek.cz\/index.php\/wp-json\/wp\/v2\/product\/695","targetHints":{"allow":["GET"]}}],"collection":[{"href":"https:\/\/www.vinarstviocenasek.cz\/index.php\/wp-json\/wp\/v2\/product"}],"about":[{"href":"https:\/\/www.vinarstviocenasek.cz\/index.php\/wp-json\/wp\/v2\/types\/product"}],"replies":[{"embeddable":true,"href":"https:\/\/www.vinarstviocenasek.cz\/index.php\/wp-json\/wp\/v2\/comments?post=695"}],"wp:featuredmedia":[{"embeddable":true,"href":"https:\/\/www.vinarstviocenasek.cz\/index.php\/wp-json\/wp\/v2\/media\/678"}],"wp:attachment":[{"href":"https:\/\/www.vinarstviocenasek.cz\/index.php\/wp-json\/wp\/v2\/media?parent=695"}],"wp:term":[{"taxonomy":"product_brand","embeddable":true,"href":"https:\/\/www.vinarstviocenasek.cz\/index.php\/wp-json\/wp\/v2\/product_brand?post=695"},{"taxonomy":"product_cat","embeddable":true,"href":"https:\/\/www.vinarstviocenasek.cz\/index.php\/wp-json\/wp\/v2\/product_cat?post=695"},{"taxonomy":"product_tag","embeddable":true,"href":"https:\/\/www.vinarstviocenasek.cz\/index.php\/wp-json\/wp\/v2\/product_tag?post=695"}],"curies":[{"name":"wp","href":"https:\/\/api.w.org\/{rel}","templated":true}]}}