{"id":696,"date":"2026-04-19T06:25:16","date_gmt":"2026-04-19T06:25:16","guid":{"rendered":"https:\/\/www.vinarstviocenasek.cz\/?post_type=product&#038;p=696"},"modified":"2026-04-19T06:29:46","modified_gmt":"2026-04-19T06:29:46","slug":"sauvignon-2025-suche","status":"publish","type":"product","link":"https:\/\/www.vinarstviocenasek.cz\/index.php\/produkt\/sauvignon-2025-suche\/","title":{"rendered":"Sauvignon 2025 &#8211; such\u00e9"},"content":{"rendered":"<p data-start=\"138\" data-end=\"361\">Ve v\u016fni i chuti se objevuj\u00ed typick\u00e9 t\u00f3ny angre\u0161tu a broskv\u00ed, d\u00edky kter\u00fdm je v\u00edno p\u0159\u00edjemn\u011b aromatick\u00e9.<\/p>\n<p data-start=\"363\" data-end=\"439\">Ide\u00e1ln\u00ed volba pro milovn\u00edky sv\u011b\u017e\u00edch, v\u00fdrazn\u011bj\u0161\u00edch v\u00edn s ovocn\u00fdm charakterem.<\/p>\n<hr data-start=\"441\" data-end=\"444\" \/>\n<p data-start=\"446\" data-end=\"502\"><strong data-start=\"446\" data-end=\"462\">Profil v\u00edna:<\/strong><br data-start=\"462\" data-end=\"465\" \/>such\u00e9 | sv\u011b\u017e\u00ed | aromatick\u00e9 | ovocn\u00e9<\/p>\n<p data-start=\"504\" data-end=\"573\"><strong data-start=\"504\" data-end=\"519\">Doporu\u010den\u00ed:<\/strong><br data-start=\"519\" data-end=\"522\" \/>leh\u010d\u00ed j\u00eddla, sal\u00e1ty, ryby nebo jen tak k posezen\u00ed<\/p>\n<hr data-start=\"575\" data-end=\"578\" \/>\n<p data-start=\"580\" data-end=\"700\"><strong data-start=\"580\" data-end=\"603\">Z\u00e1kladn\u00ed informace:<\/strong><\/p>\n<p data-start=\"580\" data-end=\"700\">alkohol : 12%<br data-start=\"603\" data-end=\"606\" \/>cukernatost p\u0159i sb\u011bru: 21,5 \u00b0\u010cNM<br data-start=\"638\" data-end=\"641\" \/>kyseliny: 6,2 g\/l<br data-start=\"658\" data-end=\"661\" \/>zbytkov\u00fd cukr: 6,0 g\/l<\/p>\n<p data-start=\"580\" data-end=\"700\">objem: 0,75 l \/ 280K\u010d\/l<br data-start=\"683\" data-end=\"686\" \/>\u0161ar\u017ee: 09\/25<\/p>\n","protected":false},"excerpt":{"rendered":"<p data-start=\"138\" data-end=\"361\">Sv\u011b\u017e\u00ed b\u00edl\u00e9 v\u00edno sv\u011btle zeleno-\u017elut\u00e9 barvy s v\u00fdrazn\u011bj\u0161\u00ed kyselinkou, kter\u00e1 mu dod\u00e1v\u00e1 \u017eivost a \u0161\u0165avnatost.<\/p>\n","protected":false},"featured_media":685,"comment_status":"open","ping_status":"closed","template":"","meta":[],"product_brand":[],"product_cat":[18,22],"product_tag":[],"class_list":{"0":"post-696","1":"product","2":"type-product","3":"status-publish","4":"has-post-thumbnail","6":"product_cat-bile-vino","7":"product_cat-sucha-bila-vina","9":"first","10":"instock","11":"taxable","12":"shipping-taxable","13":"purchasable","14":"product-type-simple"},"jetpack_sharing_enabled":true,"_links":{"self":[{"href":"https:\/\/www.vinarstviocenasek.cz\/index.php\/wp-json\/wp\/v2\/product\/696","targetHints":{"allow":["GET"]}}],"collection":[{"href":"https:\/\/www.vinarstviocenasek.cz\/index.php\/wp-json\/wp\/v2\/product"}],"about":[{"href":"https:\/\/www.vinarstviocenasek.cz\/index.php\/wp-json\/wp\/v2\/types\/product"}],"replies":[{"embeddable":true,"href":"https:\/\/www.vinarstviocenasek.cz\/index.php\/wp-json\/wp\/v2\/comments?post=696"}],"wp:featuredmedia":[{"embeddable":true,"href":"https:\/\/www.vinarstviocenasek.cz\/index.php\/wp-json\/wp\/v2\/media\/685"}],"wp:attachment":[{"href":"https:\/\/www.vinarstviocenasek.cz\/index.php\/wp-json\/wp\/v2\/media?parent=696"}],"wp:term":[{"taxonomy":"product_brand","embeddable":true,"href":"https:\/\/www.vinarstviocenasek.cz\/index.php\/wp-json\/wp\/v2\/product_brand?post=696"},{"taxonomy":"product_cat","embeddable":true,"href":"https:\/\/www.vinarstviocenasek.cz\/index.php\/wp-json\/wp\/v2\/product_cat?post=696"},{"taxonomy":"product_tag","embeddable":true,"href":"https:\/\/www.vinarstviocenasek.cz\/index.php\/wp-json\/wp\/v2\/product_tag?post=696"}],"curies":[{"name":"wp","href":"https:\/\/api.w.org\/{rel}","templated":true}]}}