{"id":699,"date":"2026-04-19T06:37:59","date_gmt":"2026-04-19T06:37:59","guid":{"rendered":"https:\/\/www.vinarstviocenasek.cz\/?post_type=product&#038;p=699"},"modified":"2026-04-19T06:38:25","modified_gmt":"2026-04-19T06:38:25","slug":"muskat-moravsky-2025-polosuche","status":"publish","type":"product","link":"https:\/\/www.vinarstviocenasek.cz\/index.php\/produkt\/muskat-moravsky-2025-polosuche\/","title":{"rendered":"Mu\u0161k\u00e1t moravsk\u00fd 2025 &#8211; polosuch\u00e9"},"content":{"rendered":"<p data-start=\"114\" data-end=\"312\">Ve v\u016fni i chuti dominuje jemn\u00e1 mu\u0161k\u00e1tov\u00e1 linka dopln\u011bn\u00e1 o lehk\u00fd miner\u00e1ln\u00ed charakter, kter\u00fd v\u00ednu dod\u00e1v\u00e1 sv\u011b\u017eest a vyv\u00e1\u017eenost.<\/p>\n<p data-start=\"314\" data-end=\"398\">P\u0159\u00edjemn\u011b piteln\u00e9 v\u00edno pro milovn\u00edky aromati\u010dt\u011bj\u0161\u00edch odr\u016fd s jemn\u00fdm zbytkov\u00fdm cukrem.<\/p>\n<hr data-start=\"400\" data-end=\"403\" \/>\n<p data-start=\"405\" data-end=\"464\"><strong data-start=\"405\" data-end=\"421\">Profil v\u00edna:<\/strong><br data-start=\"421\" data-end=\"424\" \/>polosuch\u00e9 | sv\u011b\u017e\u00ed | aromatick\u00e9 | leh\u010d\u00ed<\/p>\n<p data-start=\"466\" data-end=\"545\"><strong data-start=\"466\" data-end=\"481\">Doporu\u010den\u00ed:<\/strong><br data-start=\"481\" data-end=\"484\" \/>dezerty, lehk\u00e1 j\u00eddla, ovocn\u00e9 sal\u00e1ty nebo jen tak k posezen\u00ed<\/p>\n<hr data-start=\"547\" data-end=\"550\" \/>\n<p data-start=\"552\" data-end=\"707\"><strong data-start=\"552\" data-end=\"575\">Z\u00e1kladn\u00ed informace:<\/strong><br data-start=\"575\" data-end=\"578\" \/>alkohol: 12,5 %<br data-start=\"593\" data-end=\"596\" \/>cukernatost p\u0159i sb\u011bru: 21,5 \u00b0\u010cNM<br data-start=\"628\" data-end=\"631\" \/>kyseliny: 6,0 g\/l<br data-start=\"648\" data-end=\"651\" \/>zbytkov\u00fd cukr: 10,0 g\/l<br data-start=\"674\" data-end=\"677\" \/>objem: 0,75 l \/ 280K\u010d\/l<br data-start=\"690\" data-end=\"693\" \/>\u0161ar\u017ee: 06\/25<\/p>\n","protected":false},"excerpt":{"rendered":"<p>Aromatick\u00e9 b\u00edl\u00e9 v\u00edno sv\u011btle \u017elut\u00e9 barvy s typick\u00fdm mu\u0161k\u00e1tov\u00fdm projevem.<\/p>\n","protected":false},"featured_media":680,"comment_status":"open","ping_status":"closed","template":"","meta":[],"product_brand":[],"product_cat":[18,23],"product_tag":[],"class_list":{"0":"post-699","1":"product","2":"type-product","3":"status-publish","4":"has-post-thumbnail","6":"product_cat-bile-vino","7":"product_cat-polosucha-bila-vina","9":"first","10":"instock","11":"taxable","12":"shipping-taxable","13":"purchasable","14":"product-type-simple"},"jetpack_sharing_enabled":true,"_links":{"self":[{"href":"https:\/\/www.vinarstviocenasek.cz\/index.php\/wp-json\/wp\/v2\/product\/699","targetHints":{"allow":["GET"]}}],"collection":[{"href":"https:\/\/www.vinarstviocenasek.cz\/index.php\/wp-json\/wp\/v2\/product"}],"about":[{"href":"https:\/\/www.vinarstviocenasek.cz\/index.php\/wp-json\/wp\/v2\/types\/product"}],"replies":[{"embeddable":true,"href":"https:\/\/www.vinarstviocenasek.cz\/index.php\/wp-json\/wp\/v2\/comments?post=699"}],"wp:featuredmedia":[{"embeddable":true,"href":"https:\/\/www.vinarstviocenasek.cz\/index.php\/wp-json\/wp\/v2\/media\/680"}],"wp:attachment":[{"href":"https:\/\/www.vinarstviocenasek.cz\/index.php\/wp-json\/wp\/v2\/media?parent=699"}],"wp:term":[{"taxonomy":"product_brand","embeddable":true,"href":"https:\/\/www.vinarstviocenasek.cz\/index.php\/wp-json\/wp\/v2\/product_brand?post=699"},{"taxonomy":"product_cat","embeddable":true,"href":"https:\/\/www.vinarstviocenasek.cz\/index.php\/wp-json\/wp\/v2\/product_cat?post=699"},{"taxonomy":"product_tag","embeddable":true,"href":"https:\/\/www.vinarstviocenasek.cz\/index.php\/wp-json\/wp\/v2\/product_tag?post=699"}],"curies":[{"name":"wp","href":"https:\/\/api.w.org\/{rel}","templated":true}]}}