{"id":700,"date":"2026-04-19T06:43:45","date_gmt":"2026-04-19T06:43:45","guid":{"rendered":"https:\/\/www.vinarstviocenasek.cz\/?post_type=product&#038;p=700"},"modified":"2026-04-19T06:43:45","modified_gmt":"2026-04-19T06:43:45","slug":"neuburske-2025-suche","status":"publish","type":"product","link":"https:\/\/www.vinarstviocenasek.cz\/index.php\/produkt\/neuburske-2025-suche\/","title":{"rendered":"Neubursk\u00e9 2025 &#8211; such\u00e9"},"content":{"rendered":"<p data-start=\"96\" data-end=\"262\">Ve v\u016fni i chuti se objevuj\u00ed t\u00f3ny o\u0159ech\u016f a smetany, kter\u00e9 v\u00ednu dod\u00e1vaj\u00ed kulatost a p\u0159\u00edjemnou hebkost.<\/p>\n<p data-start=\"264\" data-end=\"348\">Ide\u00e1ln\u00ed pro milovn\u00edky vyv\u00e1\u017een\u00fdch, pln\u011bj\u0161\u00edch b\u00edl\u00fdch v\u00edn s jemn\u011b kr\u00e9mov\u00fdm charakterem.<\/p>\n<hr data-start=\"350\" data-end=\"353\" \/>\n<p data-start=\"355\" data-end=\"409\"><strong data-start=\"355\" data-end=\"371\">Profil v\u00edna:<\/strong><br data-start=\"371\" data-end=\"374\" \/>such\u00e9 | pln\u011bj\u0161\u00ed | jemn\u00e9 | kr\u00e9mov\u00e9<\/p>\n<p data-start=\"411\" data-end=\"493\"><strong data-start=\"411\" data-end=\"426\">Doporu\u010den\u00ed:<\/strong><br data-start=\"426\" data-end=\"429\" \/>kr\u00e9mov\u00e9 om\u00e1\u010dky, dr\u016fbe\u017e, t\u011bstoviny nebo klidn\u00e9 ve\u010dern\u00ed posezen\u00ed<\/p>\n<hr data-start=\"495\" data-end=\"498\" \/>\n<p data-start=\"500\" data-end=\"654\"><strong data-start=\"500\" data-end=\"523\">Z\u00e1kladn\u00ed informace:<\/strong><br data-start=\"523\" data-end=\"526\" \/>alkohol: 13,5 %<br data-start=\"541\" data-end=\"544\" \/>cukernatost p\u0159i sb\u011bru: 22,5 \u00b0\u010cNM<br data-start=\"576\" data-end=\"579\" \/>kyseliny: 6,0 g\/l<br data-start=\"596\" data-end=\"599\" \/>zbytkov\u00fd cukr: 5,0 g\/l<br data-start=\"621\" data-end=\"624\" \/>objem: 0,75 l \/ 280K\u010d\/l<br data-start=\"637\" data-end=\"640\" \/>\u0161ar\u017ee: 07\/25<\/p>\n","protected":false},"excerpt":{"rendered":"<p>Pln\u011bj\u0161\u00ed b\u00edl\u00e9 v\u00edno sv\u011btle \u017elut\u00e9 barvy s jemn\u011b kr\u00e9mov\u00fdm t\u00f3nem.<\/p>\n","protected":false},"featured_media":681,"comment_status":"open","ping_status":"closed","template":"","meta":[],"product_brand":[],"product_cat":[18,22],"product_tag":[],"class_list":{"0":"post-700","1":"product","2":"type-product","3":"status-publish","4":"has-post-thumbnail","6":"product_cat-bile-vino","7":"product_cat-sucha-bila-vina","9":"first","10":"instock","11":"taxable","12":"shipping-taxable","13":"purchasable","14":"product-type-simple"},"jetpack_sharing_enabled":true,"_links":{"self":[{"href":"https:\/\/www.vinarstviocenasek.cz\/index.php\/wp-json\/wp\/v2\/product\/700","targetHints":{"allow":["GET"]}}],"collection":[{"href":"https:\/\/www.vinarstviocenasek.cz\/index.php\/wp-json\/wp\/v2\/product"}],"about":[{"href":"https:\/\/www.vinarstviocenasek.cz\/index.php\/wp-json\/wp\/v2\/types\/product"}],"replies":[{"embeddable":true,"href":"https:\/\/www.vinarstviocenasek.cz\/index.php\/wp-json\/wp\/v2\/comments?post=700"}],"wp:featuredmedia":[{"embeddable":true,"href":"https:\/\/www.vinarstviocenasek.cz\/index.php\/wp-json\/wp\/v2\/media\/681"}],"wp:attachment":[{"href":"https:\/\/www.vinarstviocenasek.cz\/index.php\/wp-json\/wp\/v2\/media?parent=700"}],"wp:term":[{"taxonomy":"product_brand","embeddable":true,"href":"https:\/\/www.vinarstviocenasek.cz\/index.php\/wp-json\/wp\/v2\/product_brand?post=700"},{"taxonomy":"product_cat","embeddable":true,"href":"https:\/\/www.vinarstviocenasek.cz\/index.php\/wp-json\/wp\/v2\/product_cat?post=700"},{"taxonomy":"product_tag","embeddable":true,"href":"https:\/\/www.vinarstviocenasek.cz\/index.php\/wp-json\/wp\/v2\/product_tag?post=700"}],"curies":[{"name":"wp","href":"https:\/\/api.w.org\/{rel}","templated":true}]}}