{"id":701,"date":"2026-04-19T06:49:25","date_gmt":"2026-04-19T06:49:25","guid":{"rendered":"https:\/\/www.vinarstviocenasek.cz\/?post_type=product&#038;p=701"},"modified":"2026-04-19T06:49:25","modified_gmt":"2026-04-19T06:49:25","slug":"palava-2025-polosladke","status":"publish","type":"product","link":"https:\/\/www.vinarstviocenasek.cz\/index.php\/produkt\/palava-2025-polosladke\/","title":{"rendered":"P\u00e1lava 2025 &#8211; polosladk\u00e9"},"content":{"rendered":"<p data-start=\"102\" data-end=\"295\">Ve v\u016fni i chuti se rozv\u00edjej\u00ed t\u00f3ny \u010dajov\u00e9 r\u016f\u017ee, vanilky a medu, kter\u00e9 v\u00ednu dod\u00e1vaj\u00ed bohat\u00fd a p\u0159\u00edjemn\u011b nasl\u00e1dl\u00fd charakter.<\/p>\n<p data-start=\"297\" data-end=\"367\">Ide\u00e1ln\u00ed pro milovn\u00edky aromatick\u00fdch, pln\u011bj\u0161\u00edch v\u00edn se zbytkov\u00fdm cukrem.<\/p>\n<hr data-start=\"369\" data-end=\"372\" \/>\n<p data-start=\"374\" data-end=\"438\"><strong data-start=\"374\" data-end=\"390\">Profil v\u00edna:<\/strong><br data-start=\"390\" data-end=\"393\" \/>polosladk\u00e9 | pln\u011bj\u0161\u00ed | aromatick\u00e9 | v\u00fdrazn\u00e9<\/p>\n<p data-start=\"440\" data-end=\"535\"><strong data-start=\"440\" data-end=\"455\">Doporu\u010den\u00ed:<\/strong><br data-start=\"455\" data-end=\"458\" \/>dezerty, s\u00fdry s u\u0161lechtilou pl\u00edsn\u00ed nebo jako v\u00edno k samostatn\u00e9mu vychutn\u00e1n\u00ed<\/p>\n<hr data-start=\"537\" data-end=\"540\" \/>\n<p data-start=\"542\" data-end=\"695\"><strong data-start=\"542\" data-end=\"565\">Z\u00e1kladn\u00ed informace:<\/strong><br data-start=\"565\" data-end=\"568\" \/>alkohol: 12 %<br data-start=\"581\" data-end=\"584\" \/>cukernatost p\u0159i sb\u011bru: 23,0 \u00b0\u010cNM<br data-start=\"616\" data-end=\"619\" \/>kyseliny: 6,8 g\/l<br data-start=\"636\" data-end=\"639\" \/>zbytkov\u00fd cukr: 31,0 g\/l<br data-start=\"662\" data-end=\"665\" \/>objem: 0,75 l \/ 280K\u010d\/l<br data-start=\"678\" data-end=\"681\" \/>\u0161ar\u017ee: 11\/25<\/p>\n","protected":false},"excerpt":{"rendered":"<p>Aromatick\u00e9 b\u00edl\u00e9 v\u00edno sv\u011btle \u017elut\u00e9 barvy s v\u00fdrazn\u011bj\u0161\u00edm, pln\u00fdm projevem.<\/p>\n","protected":false},"featured_media":682,"comment_status":"open","ping_status":"closed","template":"","meta":[],"product_brand":[],"product_cat":[18,24],"product_tag":[],"class_list":{"0":"post-701","1":"product","2":"type-product","3":"status-publish","4":"has-post-thumbnail","6":"product_cat-bile-vino","7":"product_cat-polosladka-bila-vina","9":"first","10":"instock","11":"taxable","12":"shipping-taxable","13":"purchasable","14":"product-type-simple"},"jetpack_sharing_enabled":true,"_links":{"self":[{"href":"https:\/\/www.vinarstviocenasek.cz\/index.php\/wp-json\/wp\/v2\/product\/701","targetHints":{"allow":["GET"]}}],"collection":[{"href":"https:\/\/www.vinarstviocenasek.cz\/index.php\/wp-json\/wp\/v2\/product"}],"about":[{"href":"https:\/\/www.vinarstviocenasek.cz\/index.php\/wp-json\/wp\/v2\/types\/product"}],"replies":[{"embeddable":true,"href":"https:\/\/www.vinarstviocenasek.cz\/index.php\/wp-json\/wp\/v2\/comments?post=701"}],"wp:featuredmedia":[{"embeddable":true,"href":"https:\/\/www.vinarstviocenasek.cz\/index.php\/wp-json\/wp\/v2\/media\/682"}],"wp:attachment":[{"href":"https:\/\/www.vinarstviocenasek.cz\/index.php\/wp-json\/wp\/v2\/media?parent=701"}],"wp:term":[{"taxonomy":"product_brand","embeddable":true,"href":"https:\/\/www.vinarstviocenasek.cz\/index.php\/wp-json\/wp\/v2\/product_brand?post=701"},{"taxonomy":"product_cat","embeddable":true,"href":"https:\/\/www.vinarstviocenasek.cz\/index.php\/wp-json\/wp\/v2\/product_cat?post=701"},{"taxonomy":"product_tag","embeddable":true,"href":"https:\/\/www.vinarstviocenasek.cz\/index.php\/wp-json\/wp\/v2\/product_tag?post=701"}],"curies":[{"name":"wp","href":"https:\/\/api.w.org\/{rel}","templated":true}]}}