{"id":702,"date":"2026-04-19T06:55:05","date_gmt":"2026-04-19T06:55:05","guid":{"rendered":"https:\/\/www.vinarstviocenasek.cz\/?post_type=product&#038;p=702"},"modified":"2026-04-19T06:55:41","modified_gmt":"2026-04-19T06:55:41","slug":"rulandske-sede-2025-polosladke","status":"publish","type":"product","link":"https:\/\/www.vinarstviocenasek.cz\/index.php\/produkt\/rulandske-sede-2025-polosladke\/","title":{"rendered":"Rulandsk\u00e9 \u0161ed\u00e9 2025 &#8211; polosladk\u00e9"},"content":{"rendered":"<p data-start=\"116\" data-end=\"300\">Ve v\u016fni i chuti se objevuj\u00ed t\u00f3ny pomeran\u010de a medu, kter\u00e9 se propojuj\u00ed do p\u0159\u00edjemn\u011b nasl\u00e1dl\u00e9ho a harmonick\u00e9ho celku.<\/p>\n<p data-start=\"302\" data-end=\"378\">Ide\u00e1ln\u00ed pro milovn\u00edky pln\u011bj\u0161\u00edch, aromatick\u00fdch v\u00edn s v\u00fdrazn\u011bj\u0161\u00edm charakterem.<\/p>\n<hr data-start=\"380\" data-end=\"383\" \/>\n<p data-start=\"385\" data-end=\"449\"><strong data-start=\"385\" data-end=\"401\">Profil v\u00edna:<\/strong><br data-start=\"401\" data-end=\"404\" \/>polosladk\u00e9 | pln\u011bj\u0161\u00ed | aromatick\u00e9 | v\u00fdrazn\u00e9<\/p>\n<p data-start=\"451\" data-end=\"534\"><strong data-start=\"451\" data-end=\"466\">Doporu\u010den\u00ed:<\/strong><br data-start=\"466\" data-end=\"469\" \/>dezerty, ovocn\u00e9 pokrmy nebo jako v\u00edno k samostatn\u00e9mu vychutn\u00e1n\u00ed<\/p>\n<hr data-start=\"536\" data-end=\"539\" \/>\n<p data-start=\"541\" data-end=\"694\"><strong data-start=\"541\" data-end=\"564\">Z\u00e1kladn\u00ed informace:<\/strong><br data-start=\"564\" data-end=\"567\" \/>alkohol: 11 %<br data-start=\"580\" data-end=\"583\" \/>cukernatost p\u0159i sb\u011bru: 21,5 \u00b0\u010cNM<br data-start=\"615\" data-end=\"618\" \/>kyseliny: 7,0 g\/l<br data-start=\"635\" data-end=\"638\" \/>zbytkov\u00fd cukr: 28,0 g\/l<br data-start=\"661\" data-end=\"664\" \/>objem: 0,75 l \/ 280K\u010d\/l<br data-start=\"677\" data-end=\"680\" \/>\u0161ar\u017ee: 15\/25<\/p>\n","protected":false},"excerpt":{"rendered":"<p>Pln\u011bj\u0161\u00ed b\u00edl\u00e9 v\u00edno sv\u011btle \u017elut\u00e9 barvy s bohat\u00fdm a v\u00fdrazn\u00fdm projevem.<\/p>\n","protected":false},"featured_media":683,"comment_status":"open","ping_status":"closed","template":"","meta":[],"product_brand":[],"product_cat":[18,24],"product_tag":[],"class_list":{"0":"post-702","1":"product","2":"type-product","3":"status-publish","4":"has-post-thumbnail","6":"product_cat-bile-vino","7":"product_cat-polosladka-bila-vina","9":"first","10":"instock","11":"taxable","12":"shipping-taxable","13":"purchasable","14":"product-type-simple"},"jetpack_sharing_enabled":true,"_links":{"self":[{"href":"https:\/\/www.vinarstviocenasek.cz\/index.php\/wp-json\/wp\/v2\/product\/702","targetHints":{"allow":["GET"]}}],"collection":[{"href":"https:\/\/www.vinarstviocenasek.cz\/index.php\/wp-json\/wp\/v2\/product"}],"about":[{"href":"https:\/\/www.vinarstviocenasek.cz\/index.php\/wp-json\/wp\/v2\/types\/product"}],"replies":[{"embeddable":true,"href":"https:\/\/www.vinarstviocenasek.cz\/index.php\/wp-json\/wp\/v2\/comments?post=702"}],"wp:featuredmedia":[{"embeddable":true,"href":"https:\/\/www.vinarstviocenasek.cz\/index.php\/wp-json\/wp\/v2\/media\/683"}],"wp:attachment":[{"href":"https:\/\/www.vinarstviocenasek.cz\/index.php\/wp-json\/wp\/v2\/media?parent=702"}],"wp:term":[{"taxonomy":"product_brand","embeddable":true,"href":"https:\/\/www.vinarstviocenasek.cz\/index.php\/wp-json\/wp\/v2\/product_brand?post=702"},{"taxonomy":"product_cat","embeddable":true,"href":"https:\/\/www.vinarstviocenasek.cz\/index.php\/wp-json\/wp\/v2\/product_cat?post=702"},{"taxonomy":"product_tag","embeddable":true,"href":"https:\/\/www.vinarstviocenasek.cz\/index.php\/wp-json\/wp\/v2\/product_tag?post=702"}],"curies":[{"name":"wp","href":"https:\/\/api.w.org\/{rel}","templated":true}]}}