{"id":704,"date":"2026-04-19T07:00:05","date_gmt":"2026-04-19T07:00:05","guid":{"rendered":"https:\/\/www.vinarstviocenasek.cz\/?post_type=product&#038;p=704"},"modified":"2026-04-19T07:07:18","modified_gmt":"2026-04-19T07:07:18","slug":"ryzlink-vlassky-2025-suche","status":"publish","type":"product","link":"https:\/\/www.vinarstviocenasek.cz\/index.php\/produkt\/ryzlink-vlassky-2025-suche\/","title":{"rendered":"Ryzlink vla\u0161sk\u00fd 2025 &#8211; such\u00e9"},"content":{"rendered":"<p data-start=\"102\" data-end=\"283\">Ve v\u016fni i chuti se objevuj\u00ed t\u00f3ny angre\u0161tu dopln\u011bn\u00e9 jemn\u00fdm medov\u00fdm pozad\u00edm, kter\u00e9 v\u00ednu dod\u00e1v\u00e1 kulatost a harmonii.<\/p>\n<p data-start=\"285\" data-end=\"357\">Ide\u00e1ln\u00ed pro milovn\u00edky leh\u010d\u00edch, sv\u011b\u017e\u00edch v\u00edn s jemn\u00fdm ovocn\u00fdm charakterem. Vla\u0161\u00e1k je pa\u0161\u00e1k!<\/p>\n<hr data-start=\"359\" data-end=\"362\" \/>\n<p data-start=\"364\" data-end=\"415\"><strong data-start=\"364\" data-end=\"380\">Profil v\u00edna:<\/strong><br data-start=\"380\" data-end=\"383\" \/>such\u00e9 | sv\u011b\u017e\u00ed | leh\u010d\u00ed | ovocn\u00e9<\/p>\n<p data-start=\"417\" data-end=\"482\"><strong data-start=\"417\" data-end=\"432\">Doporu\u010den\u00ed:<\/strong><br data-start=\"432\" data-end=\"435\" \/>leh\u010d\u00ed j\u00eddla, ryby, sal\u00e1ty nebo letn\u00ed posezen\u00ed<\/p>\n<hr data-start=\"484\" data-end=\"487\" \/>\n<p data-start=\"489\" data-end=\"641\"><strong data-start=\"489\" data-end=\"512\">Z\u00e1kladn\u00ed informace:<\/strong><br data-start=\"512\" data-end=\"515\" \/>alkohol: 12 %<br data-start=\"528\" data-end=\"531\" \/>cukernatost p\u0159i sb\u011bru: 22,0 \u00b0\u010cNM<br data-start=\"563\" data-end=\"566\" \/>kyseliny: 5,8 g\/l<br data-start=\"583\" data-end=\"586\" \/>zbytkov\u00fd cukr: 7,0 g\/l<br data-start=\"608\" data-end=\"611\" \/>objem: 0,75 l \/ 280K\u010d\/l<br data-start=\"624\" data-end=\"627\" \/>\u0161ar\u017ee: 05\/25<\/p>\n","protected":false},"excerpt":{"rendered":"<p>Sv\u011b\u017e\u00ed b\u00edl\u00e9 v\u00edno sv\u011btle \u017elut\u00e9 barvy s p\u0159\u00edjemn\u011b vyv\u00e1\u017een\u00fdm projevem.<\/p>\n","protected":false},"featured_media":684,"comment_status":"open","ping_status":"closed","template":"","meta":[],"product_brand":[],"product_cat":[18,22],"product_tag":[],"class_list":{"0":"post-704","1":"product","2":"type-product","3":"status-publish","4":"has-post-thumbnail","6":"product_cat-bile-vino","7":"product_cat-sucha-bila-vina","9":"first","10":"instock","11":"taxable","12":"shipping-taxable","13":"purchasable","14":"product-type-simple"},"jetpack_sharing_enabled":true,"_links":{"self":[{"href":"https:\/\/www.vinarstviocenasek.cz\/index.php\/wp-json\/wp\/v2\/product\/704","targetHints":{"allow":["GET"]}}],"collection":[{"href":"https:\/\/www.vinarstviocenasek.cz\/index.php\/wp-json\/wp\/v2\/product"}],"about":[{"href":"https:\/\/www.vinarstviocenasek.cz\/index.php\/wp-json\/wp\/v2\/types\/product"}],"replies":[{"embeddable":true,"href":"https:\/\/www.vinarstviocenasek.cz\/index.php\/wp-json\/wp\/v2\/comments?post=704"}],"wp:featuredmedia":[{"embeddable":true,"href":"https:\/\/www.vinarstviocenasek.cz\/index.php\/wp-json\/wp\/v2\/media\/684"}],"wp:attachment":[{"href":"https:\/\/www.vinarstviocenasek.cz\/index.php\/wp-json\/wp\/v2\/media?parent=704"}],"wp:term":[{"taxonomy":"product_brand","embeddable":true,"href":"https:\/\/www.vinarstviocenasek.cz\/index.php\/wp-json\/wp\/v2\/product_brand?post=704"},{"taxonomy":"product_cat","embeddable":true,"href":"https:\/\/www.vinarstviocenasek.cz\/index.php\/wp-json\/wp\/v2\/product_cat?post=704"},{"taxonomy":"product_tag","embeddable":true,"href":"https:\/\/www.vinarstviocenasek.cz\/index.php\/wp-json\/wp\/v2\/product_tag?post=704"}],"curies":[{"name":"wp","href":"https:\/\/api.w.org\/{rel}","templated":true}]}}