{"id":705,"date":"2026-04-19T07:04:18","date_gmt":"2026-04-19T07:04:18","guid":{"rendered":"https:\/\/www.vinarstviocenasek.cz\/?post_type=product&#038;p=705"},"modified":"2026-04-19T07:05:50","modified_gmt":"2026-04-19T07:05:50","slug":"705","status":"publish","type":"product","link":"https:\/\/www.vinarstviocenasek.cz\/index.php\/produkt\/705\/","title":{"rendered":"Veltl\u00ednsk\u00e9 zelen\u00e9 2025 &#8211; such\u00e9"},"content":{"rendered":"<p data-start=\"114\" data-end=\"342\">Ve v\u016fni i chuti se objevuj\u00ed t\u00f3ny lipov\u00e9ho kv\u011btu dopln\u011bn\u00e9 jemn\u011b naho\u0159kl\u00fdmi mandlov\u00fdmi t\u00f3ny, kter\u00e9 v\u00ednu dod\u00e1vaj\u00ed typick\u00fd charakter a sv\u011b\u017eest.<\/p>\n<p data-start=\"344\" data-end=\"426\">Ide\u00e1ln\u00ed pro milovn\u00edky leh\u010d\u00edch, such\u00fdch v\u00edn s jemn\u011b ko\u0159enit\u00fdm a mandlov\u00fdm dozvukem.<\/p>\n<hr data-start=\"428\" data-end=\"431\" \/>\n<p data-start=\"433\" data-end=\"492\"><strong data-start=\"433\" data-end=\"449\">Profil v\u00edna:<\/strong><br data-start=\"449\" data-end=\"452\" \/>such\u00e9 | sv\u011b\u017e\u00ed | leh\u010d\u00ed | jemn\u011b ko\u0159enit\u00e9<\/p>\n<p data-start=\"494\" data-end=\"561\"><strong data-start=\"494\" data-end=\"509\">Doporu\u010den\u00ed:<\/strong><br data-start=\"509\" data-end=\"512\" \/>leh\u010d\u00ed j\u00eddla, sal\u00e1ty, dr\u016fbe\u017e nebo letn\u00ed posezen\u00ed<\/p>\n<hr data-start=\"563\" data-end=\"566\" \/>\n<p data-start=\"568\" data-end=\"722\"><strong data-start=\"568\" data-end=\"591\">Z\u00e1kladn\u00ed informace:<\/strong><br data-start=\"591\" data-end=\"594\" \/>alkohol: 12,5 %<br data-start=\"609\" data-end=\"612\" \/>cukernatost p\u0159i sb\u011bru: 21,5 \u00b0\u010cNM<br data-start=\"644\" data-end=\"647\" \/>kyseliny: 5,8 g\/l<br data-start=\"664\" data-end=\"667\" \/>zbytkov\u00fd cukr: 3,8 g\/l<br data-start=\"689\" data-end=\"692\" \/>objem: 0,75 l \/ 280K\u010d\/l<br data-start=\"705\" data-end=\"708\" \/>\u0161ar\u017ee: 01\/25<\/p>\n","protected":false},"excerpt":{"rendered":"<p>Sv\u011b\u017e\u00ed b\u00edl\u00e9 v\u00edno sv\u011btle zeleno-\u017elut\u00e9 barvy s \u017eiv\u011bj\u0161\u00edm projevem a v\u00fdrazn\u011bj\u0161\u00ed kyselinkou.<\/p>\n","protected":false},"featured_media":686,"comment_status":"open","ping_status":"closed","template":"","meta":[],"product_brand":[],"product_cat":[18,22],"product_tag":[],"class_list":{"0":"post-705","1":"product","2":"type-product","3":"status-publish","4":"has-post-thumbnail","6":"product_cat-bile-vino","7":"product_cat-sucha-bila-vina","9":"first","10":"instock","11":"taxable","12":"shipping-taxable","13":"purchasable","14":"product-type-simple"},"jetpack_sharing_enabled":true,"_links":{"self":[{"href":"https:\/\/www.vinarstviocenasek.cz\/index.php\/wp-json\/wp\/v2\/product\/705","targetHints":{"allow":["GET"]}}],"collection":[{"href":"https:\/\/www.vinarstviocenasek.cz\/index.php\/wp-json\/wp\/v2\/product"}],"about":[{"href":"https:\/\/www.vinarstviocenasek.cz\/index.php\/wp-json\/wp\/v2\/types\/product"}],"replies":[{"embeddable":true,"href":"https:\/\/www.vinarstviocenasek.cz\/index.php\/wp-json\/wp\/v2\/comments?post=705"}],"wp:featuredmedia":[{"embeddable":true,"href":"https:\/\/www.vinarstviocenasek.cz\/index.php\/wp-json\/wp\/v2\/media\/686"}],"wp:attachment":[{"href":"https:\/\/www.vinarstviocenasek.cz\/index.php\/wp-json\/wp\/v2\/media?parent=705"}],"wp:term":[{"taxonomy":"product_brand","embeddable":true,"href":"https:\/\/www.vinarstviocenasek.cz\/index.php\/wp-json\/wp\/v2\/product_brand?post=705"},{"taxonomy":"product_cat","embeddable":true,"href":"https:\/\/www.vinarstviocenasek.cz\/index.php\/wp-json\/wp\/v2\/product_cat?post=705"},{"taxonomy":"product_tag","embeddable":true,"href":"https:\/\/www.vinarstviocenasek.cz\/index.php\/wp-json\/wp\/v2\/product_tag?post=705"}],"curies":[{"name":"wp","href":"https:\/\/api.w.org\/{rel}","templated":true}]}}